{"id":2715,"date":"2017-01-26T15:38:32","date_gmt":"2017-01-26T15:38:32","guid":{"rendered":"https:\/\/ulx.hu\/?page_id=2715"},"modified":"2026-03-20T12:25:30","modified_gmt":"2026-03-20T12:25:30","slug":"openshift-vallalati-adminisztracio","status":"publish","type":"page","link":"https:\/\/ulx.hu\/en\/oktatasok-2\/red-hat-openshift-openstack-es-virtualizacios-tanfolyamok\/openshift-vallalati-adminisztracio\/","title":{"rendered":"DO280 &#8211; Red Hat OpenShift adminisztr\u00e1ci\u00f3 II: \u00c9les\u00fczem\u0171 klaszterek konfigur\u00e1l\u00e1sa"},"content":{"rendered":"","protected":false},"excerpt":{"rendered":"","protected":false},"author":6,"featured_media":2282,"parent":5702,"menu_order":0,"comment_status":"closed","ping_status":"closed","template":"","meta":{"iawp_total_views":4,"footnotes":"","_links_to":"","_links_to_target":""},"class_list":["post-2715","page","type-page","status-publish","has-post-thumbnail","hentry"],"_links":{"self":[{"href":"https:\/\/ulx.hu\/en\/wp-json\/wp\/v2\/pages\/2715"}],"collection":[{"href":"https:\/\/ulx.hu\/en\/wp-json\/wp\/v2\/pages"}],"about":[{"href":"https:\/\/ulx.hu\/en\/wp-json\/wp\/v2\/types\/page"}],"author":[{"embeddable":true,"href":"https:\/\/ulx.hu\/en\/wp-json\/wp\/v2\/users\/6"}],"replies":[{"embeddable":true,"href":"https:\/\/ulx.hu\/en\/wp-json\/wp\/v2\/comments?post=2715"}],"version-history":[{"count":10,"href":"https:\/\/ulx.hu\/en\/wp-json\/wp\/v2\/pages\/2715\/revisions"}],"predecessor-version":[{"id":5211,"href":"https:\/\/ulx.hu\/en\/wp-json\/wp\/v2\/pages\/2715\/revisions\/5211"}],"up":[{"embeddable":true,"href":"https:\/\/ulx.hu\/en\/wp-json\/wp\/v2\/pages\/5702"}],"wp:featuredmedia":[{"embeddable":true,"href":"https:\/\/ulx.hu\/en\/wp-json\/wp\/v2\/media\/2282"}],"wp:attachment":[{"href":"https:\/\/ulx.hu\/en\/wp-json\/wp\/v2\/media?parent=2715"}],"curies":[{"name":"wp","href":"https:\/\/api.w.org\/{rel}","templated":true}]}}