{"id":3076,"date":"2018-07-30T14:30:10","date_gmt":"2018-07-30T14:30:10","guid":{"rendered":"https:\/\/ulx.hu\/?page_id=3076"},"modified":"2026-03-20T12:10:23","modified_gmt":"2026-03-20T12:10:23","slug":"do180-bevezetes-a-kontenerek-vilagaba-a-kubernetes-orkesztracioba-es-a-red-hat-openshift-be-tanfolyam","status":"publish","type":"page","link":"https:\/\/ulx.hu\/en\/oktatasok-2\/red-hat-openshift-openstack-es-virtualizacios-tanfolyamok\/do180-bevezetes-a-kontenerek-vilagaba-a-kubernetes-orkesztracioba-es-a-red-hat-openshift-be-tanfolyam\/","title":{"rendered":"DO180 &#8211; Red Hat OpenShift adminisztr\u00e1ci\u00f3 I: \u00c9les\u00fczem\u0171 klaszterek \u00fczemeltet\u00e9se"},"content":{"rendered":"","protected":false},"excerpt":{"rendered":"","protected":false},"author":6,"featured_media":2281,"parent":5702,"menu_order":0,"comment_status":"closed","ping_status":"closed","template":"","meta":{"iawp_total_views":5,"footnotes":"","_links_to":"","_links_to_target":""},"class_list":["post-3076","page","type-page","status-publish","has-post-thumbnail","hentry"],"_links":{"self":[{"href":"https:\/\/ulx.hu\/en\/wp-json\/wp\/v2\/pages\/3076"}],"collection":[{"href":"https:\/\/ulx.hu\/en\/wp-json\/wp\/v2\/pages"}],"about":[{"href":"https:\/\/ulx.hu\/en\/wp-json\/wp\/v2\/types\/page"}],"author":[{"embeddable":true,"href":"https:\/\/ulx.hu\/en\/wp-json\/wp\/v2\/users\/6"}],"replies":[{"embeddable":true,"href":"https:\/\/ulx.hu\/en\/wp-json\/wp\/v2\/comments?post=3076"}],"version-history":[{"count":6,"href":"https:\/\/ulx.hu\/en\/wp-json\/wp\/v2\/pages\/3076\/revisions"}],"predecessor-version":[{"id":5208,"href":"https:\/\/ulx.hu\/en\/wp-json\/wp\/v2\/pages\/3076\/revisions\/5208"}],"up":[{"embeddable":true,"href":"https:\/\/ulx.hu\/en\/wp-json\/wp\/v2\/pages\/5702"}],"wp:featuredmedia":[{"embeddable":true,"href":"https:\/\/ulx.hu\/en\/wp-json\/wp\/v2\/media\/2281"}],"wp:attachment":[{"href":"https:\/\/ulx.hu\/en\/wp-json\/wp\/v2\/media?parent=3076"}],"curies":[{"name":"wp","href":"https:\/\/api.w.org\/{rel}","templated":true}]}}