{"id":3128,"date":"2019-02-11T11:31:19","date_gmt":"2019-02-11T11:31:19","guid":{"rendered":"https:\/\/ulx.hu\/?page_id=3128"},"modified":"2026-03-20T12:57:50","modified_gmt":"2026-03-20T12:57:50","slug":"do380-red-hat-openshift-halado-vallalati-adminisztracio-magas-rendelkezesreallasu-rendszerek-tanfolyam","status":"publish","type":"page","link":"https:\/\/ulx.hu\/en\/oktatasok-2\/red-hat-openshift-openstack-es-virtualizacios-tanfolyamok\/do380-red-hat-openshift-halado-vallalati-adminisztracio-magas-rendelkezesreallasu-rendszerek-tanfolyam\/","title":{"rendered":"DO380 &#8211; Red Hat OpenShift adminisztr\u00e1ci\u00f3 III: Sk\u00e1l\u00e1zhat\u00f3 Kubernetes k\u00f6rnyezetek k\u00e9sz\u00edt\u00e9se v\u00e1llalati k\u00f6rnyezetben"},"content":{"rendered":"","protected":false},"excerpt":{"rendered":"","protected":false},"author":6,"featured_media":2281,"parent":5702,"menu_order":0,"comment_status":"closed","ping_status":"closed","template":"","meta":{"iawp_total_views":2,"footnotes":"","_links_to":"","_links_to_target":""},"class_list":["post-3128","page","type-page","status-publish","has-post-thumbnail","hentry"],"_links":{"self":[{"href":"https:\/\/ulx.hu\/en\/wp-json\/wp\/v2\/pages\/3128"}],"collection":[{"href":"https:\/\/ulx.hu\/en\/wp-json\/wp\/v2\/pages"}],"about":[{"href":"https:\/\/ulx.hu\/en\/wp-json\/wp\/v2\/types\/page"}],"author":[{"embeddable":true,"href":"https:\/\/ulx.hu\/en\/wp-json\/wp\/v2\/users\/6"}],"replies":[{"embeddable":true,"href":"https:\/\/ulx.hu\/en\/wp-json\/wp\/v2\/comments?post=3128"}],"version-history":[{"count":5,"href":"https:\/\/ulx.hu\/en\/wp-json\/wp\/v2\/pages\/3128\/revisions"}],"predecessor-version":[{"id":5482,"href":"https:\/\/ulx.hu\/en\/wp-json\/wp\/v2\/pages\/3128\/revisions\/5482"}],"up":[{"embeddable":true,"href":"https:\/\/ulx.hu\/en\/wp-json\/wp\/v2\/pages\/5702"}],"wp:featuredmedia":[{"embeddable":true,"href":"https:\/\/ulx.hu\/en\/wp-json\/wp\/v2\/media\/2281"}],"wp:attachment":[{"href":"https:\/\/ulx.hu\/en\/wp-json\/wp\/v2\/media?parent=3128"}],"curies":[{"name":"wp","href":"https:\/\/api.w.org\/{rel}","templated":true}]}}