{"id":3293,"date":"2020-01-09T14:28:24","date_gmt":"2020-01-09T14:28:24","guid":{"rendered":"https:\/\/ulx.hu\/?page_id=3293"},"modified":"2026-02-12T10:11:19","modified_gmt":"2026-02-12T10:11:19","slug":"do288-fejlesztes-red-hat-openshiften-kontenerizalt-alkalmazasok-tanfolyam","status":"publish","type":"page","link":"https:\/\/ulx.hu\/en\/oktatasok-2\/fejlesztoi-es-jboss-tanfolyamok\/do288-fejlesztes-red-hat-openshiften-kontenerizalt-alkalmazasok-tanfolyam\/","title":{"rendered":"DO288 &#8211; Red Hat OpenShift fejleszt\u00e9s II: Felh\u0151alap\u00fa alkalmaz\u00e1sok l\u00e9trehoz\u00e1sa \u00e9s telep\u00edt\u00e9se OpenShift k\u00f6rnyezetben"},"content":{"rendered":"","protected":false},"excerpt":{"rendered":"","protected":false},"author":6,"featured_media":2281,"parent":5706,"menu_order":0,"comment_status":"closed","ping_status":"closed","template":"","meta":{"iawp_total_views":0,"footnotes":"","_links_to":"","_links_to_target":""},"class_list":["post-3293","page","type-page","status-publish","has-post-thumbnail","hentry"],"_links":{"self":[{"href":"https:\/\/ulx.hu\/en\/wp-json\/wp\/v2\/pages\/3293"}],"collection":[{"href":"https:\/\/ulx.hu\/en\/wp-json\/wp\/v2\/pages"}],"about":[{"href":"https:\/\/ulx.hu\/en\/wp-json\/wp\/v2\/types\/page"}],"author":[{"embeddable":true,"href":"https:\/\/ulx.hu\/en\/wp-json\/wp\/v2\/users\/6"}],"replies":[{"embeddable":true,"href":"https:\/\/ulx.hu\/en\/wp-json\/wp\/v2\/comments?post=3293"}],"version-history":[{"count":5,"href":"https:\/\/ulx.hu\/en\/wp-json\/wp\/v2\/pages\/3293\/revisions"}],"predecessor-version":[{"id":5404,"href":"https:\/\/ulx.hu\/en\/wp-json\/wp\/v2\/pages\/3293\/revisions\/5404"}],"up":[{"embeddable":true,"href":"https:\/\/ulx.hu\/en\/wp-json\/wp\/v2\/pages\/5706"}],"wp:featuredmedia":[{"embeddable":true,"href":"https:\/\/ulx.hu\/en\/wp-json\/wp\/v2\/media\/2281"}],"wp:attachment":[{"href":"https:\/\/ulx.hu\/en\/wp-json\/wp\/v2\/media?parent=3293"}],"curies":[{"name":"wp","href":"https:\/\/api.w.org\/{rel}","templated":true}]}}