{"id":4349,"date":"2021-03-09T09:23:29","date_gmt":"2021-03-09T09:23:29","guid":{"rendered":"https:\/\/ulx.hu\/?page_id=4349"},"modified":"2026-02-12T10:08:42","modified_gmt":"2026-02-12T10:08:42","slug":"rh358-red-hat-szolgaltatas-menedzsment-es-automatizacio-tanfolyam","status":"publish","type":"page","link":"https:\/\/ulx.hu\/en\/oktatasok-2\/specialis-red-hat-tanfolyamok\/rh358-red-hat-szolgaltatas-menedzsment-es-automatizacio-tanfolyam\/","title":{"rendered":"RH358 \u2013 Red Hat Szolg\u00e1ltat\u00e1s-menedzsment \u00e9s automatiz\u00e1ci\u00f3"},"content":{"rendered":"","protected":false},"excerpt":{"rendered":"","protected":false},"author":6,"featured_media":0,"parent":5704,"menu_order":0,"comment_status":"closed","ping_status":"closed","template":"","meta":{"iawp_total_views":0,"footnotes":"","_links_to":"","_links_to_target":""},"class_list":["post-4349","page","type-page","status-publish","hentry"],"_links":{"self":[{"href":"https:\/\/ulx.hu\/en\/wp-json\/wp\/v2\/pages\/4349"}],"collection":[{"href":"https:\/\/ulx.hu\/en\/wp-json\/wp\/v2\/pages"}],"about":[{"href":"https:\/\/ulx.hu\/en\/wp-json\/wp\/v2\/types\/page"}],"author":[{"embeddable":true,"href":"https:\/\/ulx.hu\/en\/wp-json\/wp\/v2\/users\/6"}],"replies":[{"embeddable":true,"href":"https:\/\/ulx.hu\/en\/wp-json\/wp\/v2\/comments?post=4349"}],"version-history":[{"count":2,"href":"https:\/\/ulx.hu\/en\/wp-json\/wp\/v2\/pages\/4349\/revisions"}],"predecessor-version":[{"id":5087,"href":"https:\/\/ulx.hu\/en\/wp-json\/wp\/v2\/pages\/4349\/revisions\/5087"}],"up":[{"embeddable":true,"href":"https:\/\/ulx.hu\/en\/wp-json\/wp\/v2\/pages\/5704"}],"wp:attachment":[{"href":"https:\/\/ulx.hu\/en\/wp-json\/wp\/v2\/media?parent=4349"}],"curies":[{"name":"wp","href":"https:\/\/api.w.org\/{rel}","templated":true}]}}