{"id":4355,"date":"2021-03-09T09:31:31","date_gmt":"2021-03-09T09:31:31","guid":{"rendered":"https:\/\/ulx.hu\/?page_id=4355"},"modified":"2026-03-19T15:18:19","modified_gmt":"2026-03-19T15:18:19","slug":"do417-microsoft-windows-automatizalas-red-hat-ansible-automation-platform-hasznalataval-tanfolyam","status":"publish","type":"page","link":"https:\/\/ulx.hu\/en\/oktatasok-2\/red-hat-automatizacios-tanfolyamok\/do417-microsoft-windows-automatizalas-red-hat-ansible-automation-platform-hasznalataval-tanfolyam\/","title":{"rendered":"DO417 \u2013 Microsoft Windows automatiz\u00e1l\u00e1s Red Hat Anbsible Automation Platform haszn\u00e1lat\u00e1val"},"content":{"rendered":"","protected":false},"excerpt":{"rendered":"","protected":false},"author":6,"featured_media":0,"parent":5699,"menu_order":0,"comment_status":"closed","ping_status":"closed","template":"","meta":{"iawp_total_views":0,"footnotes":"","_links_to":"","_links_to_target":""},"class_list":["post-4355","page","type-page","status-publish","hentry"],"_links":{"self":[{"href":"https:\/\/ulx.hu\/en\/wp-json\/wp\/v2\/pages\/4355"}],"collection":[{"href":"https:\/\/ulx.hu\/en\/wp-json\/wp\/v2\/pages"}],"about":[{"href":"https:\/\/ulx.hu\/en\/wp-json\/wp\/v2\/types\/page"}],"author":[{"embeddable":true,"href":"https:\/\/ulx.hu\/en\/wp-json\/wp\/v2\/users\/6"}],"replies":[{"embeddable":true,"href":"https:\/\/ulx.hu\/en\/wp-json\/wp\/v2\/comments?post=4355"}],"version-history":[{"count":3,"href":"https:\/\/ulx.hu\/en\/wp-json\/wp\/v2\/pages\/4355\/revisions"}],"predecessor-version":[{"id":5421,"href":"https:\/\/ulx.hu\/en\/wp-json\/wp\/v2\/pages\/4355\/revisions\/5421"}],"up":[{"embeddable":true,"href":"https:\/\/ulx.hu\/en\/wp-json\/wp\/v2\/pages\/5699"}],"wp:attachment":[{"href":"https:\/\/ulx.hu\/en\/wp-json\/wp\/v2\/media?parent=4355"}],"curies":[{"name":"wp","href":"https:\/\/api.w.org\/{rel}","templated":true}]}}