{"id":4972,"date":"2023-03-14T07:50:08","date_gmt":"2023-03-14T07:50:08","guid":{"rendered":"https:\/\/ulx.hu\/?page_id=4972"},"modified":"2026-02-12T10:12:14","modified_gmt":"2026-02-12T10:12:14","slug":"ad482-esemenyvezerelt-alkalmazasok-fejlesztese-apache-kafka-es-red-hat-amq-streams-segitsegevel-tanfolyam","status":"publish","type":"page","link":"https:\/\/ulx.hu\/en\/oktatasok-2\/fejlesztoi-es-jboss-tanfolyamok\/ad482-esemenyvezerelt-alkalmazasok-fejlesztese-apache-kafka-es-red-hat-amq-streams-segitsegevel-tanfolyam\/","title":{"rendered":"AD482 &#8211; Esem\u00e9nyvez\u00e9relt alkalmaz\u00e1sok fejleszt\u00e9se Apache Kafka \u00e9s Red Hat AMQ Streams seg\u00edts\u00e9g\u00e9vel"},"content":{"rendered":"","protected":false},"excerpt":{"rendered":"","protected":false},"author":6,"featured_media":0,"parent":5706,"menu_order":5,"comment_status":"closed","ping_status":"closed","template":"","meta":{"iawp_total_views":0,"footnotes":"","_links_to":"","_links_to_target":""},"class_list":["post-4972","page","type-page","status-publish","hentry"],"_links":{"self":[{"href":"https:\/\/ulx.hu\/en\/wp-json\/wp\/v2\/pages\/4972"}],"collection":[{"href":"https:\/\/ulx.hu\/en\/wp-json\/wp\/v2\/pages"}],"about":[{"href":"https:\/\/ulx.hu\/en\/wp-json\/wp\/v2\/types\/page"}],"author":[{"embeddable":true,"href":"https:\/\/ulx.hu\/en\/wp-json\/wp\/v2\/users\/6"}],"replies":[{"embeddable":true,"href":"https:\/\/ulx.hu\/en\/wp-json\/wp\/v2\/comments?post=4972"}],"version-history":[{"count":2,"href":"https:\/\/ulx.hu\/en\/wp-json\/wp\/v2\/pages\/4972\/revisions"}],"predecessor-version":[{"id":5279,"href":"https:\/\/ulx.hu\/en\/wp-json\/wp\/v2\/pages\/4972\/revisions\/5279"}],"up":[{"embeddable":true,"href":"https:\/\/ulx.hu\/en\/wp-json\/wp\/v2\/pages\/5706"}],"wp:attachment":[{"href":"https:\/\/ulx.hu\/en\/wp-json\/wp\/v2\/media?parent=4972"}],"curies":[{"name":"wp","href":"https:\/\/api.w.org\/{rel}","templated":true}]}}