{"id":5154,"date":"2023-09-29T12:25:50","date_gmt":"2023-09-29T12:25:50","guid":{"rendered":"https:\/\/ulx.hu\/?page_id=5154"},"modified":"2026-02-12T10:10:11","modified_gmt":"2026-02-12T10:10:11","slug":"ad221-cloud-native-integracio-red-hat-fuse-es-apache-camel-hasznalataval-tanfolyam","status":"publish","type":"page","link":"https:\/\/ulx.hu\/en\/oktatasok-2\/fejlesztoi-es-jboss-tanfolyamok\/ad221-cloud-native-integracio-red-hat-fuse-es-apache-camel-hasznalataval-tanfolyam\/","title":{"rendered":"AD221 \u2013 Cloud-native integr\u00e1ci\u00f3 Red Hat Fuse \u00e9s Apache Camel haszn\u00e1lat\u00e1val"},"content":{"rendered":"","protected":false},"excerpt":{"rendered":"","protected":false},"author":6,"featured_media":0,"parent":5706,"menu_order":0,"comment_status":"closed","ping_status":"closed","template":"","meta":{"iawp_total_views":0,"footnotes":"","_links_to":"","_links_to_target":""},"class_list":["post-5154","page","type-page","status-publish","hentry"],"_links":{"self":[{"href":"https:\/\/ulx.hu\/en\/wp-json\/wp\/v2\/pages\/5154"}],"collection":[{"href":"https:\/\/ulx.hu\/en\/wp-json\/wp\/v2\/pages"}],"about":[{"href":"https:\/\/ulx.hu\/en\/wp-json\/wp\/v2\/types\/page"}],"author":[{"embeddable":true,"href":"https:\/\/ulx.hu\/en\/wp-json\/wp\/v2\/users\/6"}],"replies":[{"embeddable":true,"href":"https:\/\/ulx.hu\/en\/wp-json\/wp\/v2\/comments?post=5154"}],"version-history":[{"count":2,"href":"https:\/\/ulx.hu\/en\/wp-json\/wp\/v2\/pages\/5154\/revisions"}],"predecessor-version":[{"id":5175,"href":"https:\/\/ulx.hu\/en\/wp-json\/wp\/v2\/pages\/5154\/revisions\/5175"}],"up":[{"embeddable":true,"href":"https:\/\/ulx.hu\/en\/wp-json\/wp\/v2\/pages\/5706"}],"wp:attachment":[{"href":"https:\/\/ulx.hu\/en\/wp-json\/wp\/v2\/media?parent=5154"}],"curies":[{"name":"wp","href":"https:\/\/api.w.org\/{rel}","templated":true}]}}