{"id":5225,"date":"2024-01-10T15:09:08","date_gmt":"2024-01-10T15:09:08","guid":{"rendered":"https:\/\/ulx.hu\/?page_id=5225"},"modified":"2026-02-12T10:10:46","modified_gmt":"2026-02-12T10:10:46","slug":"do188-red-hat-openshift-fejleszoi-i-tanfolyam-bevezetes-a-kontenerizacioba-a-podman-hasznalataval","status":"publish","type":"page","link":"https:\/\/ulx.hu\/en\/oktatasok-2\/fejlesztoi-es-jboss-tanfolyamok\/do188-red-hat-openshift-fejleszoi-i-tanfolyam-bevezetes-a-kontenerizacioba-a-podman-hasznalataval\/","title":{"rendered":"DO188 \u2013 Red Hat OpenShift fejlesz\u0151i I. tanfolyam: Bevezet\u00e9s a kont\u00e9neriz\u00e1ci\u00f3ba a Podman haszn\u00e1lat\u00e1val"},"content":{"rendered":"","protected":false},"excerpt":{"rendered":"","protected":false},"author":6,"featured_media":0,"parent":5706,"menu_order":0,"comment_status":"closed","ping_status":"closed","template":"","meta":{"iawp_total_views":0,"footnotes":"","_links_to":"","_links_to_target":""},"class_list":["post-5225","page","type-page","status-publish","hentry"],"_links":{"self":[{"href":"https:\/\/ulx.hu\/en\/wp-json\/wp\/v2\/pages\/5225"}],"collection":[{"href":"https:\/\/ulx.hu\/en\/wp-json\/wp\/v2\/pages"}],"about":[{"href":"https:\/\/ulx.hu\/en\/wp-json\/wp\/v2\/types\/page"}],"author":[{"embeddable":true,"href":"https:\/\/ulx.hu\/en\/wp-json\/wp\/v2\/users\/6"}],"replies":[{"embeddable":true,"href":"https:\/\/ulx.hu\/en\/wp-json\/wp\/v2\/comments?post=5225"}],"version-history":[{"count":1,"href":"https:\/\/ulx.hu\/en\/wp-json\/wp\/v2\/pages\/5225\/revisions"}],"predecessor-version":[{"id":5226,"href":"https:\/\/ulx.hu\/en\/wp-json\/wp\/v2\/pages\/5225\/revisions\/5226"}],"up":[{"embeddable":true,"href":"https:\/\/ulx.hu\/en\/wp-json\/wp\/v2\/pages\/5706"}],"wp:attachment":[{"href":"https:\/\/ulx.hu\/en\/wp-json\/wp\/v2\/media?parent=5225"}],"curies":[{"name":"wp","href":"https:\/\/api.w.org\/{rel}","templated":true}]}}