{"id":5309,"date":"2024-02-22T14:15:13","date_gmt":"2024-02-22T14:15:13","guid":{"rendered":"https:\/\/ulx.hu\/?page_id=5309"},"modified":"2026-02-12T10:07:46","modified_gmt":"2026-02-12T10:07:46","slug":"rh362-red-hat-biztonsag-identity-management-es-autorizacio-red-hat-kornyezetekben","status":"publish","type":"page","link":"https:\/\/ulx.hu\/en\/oktatasok-2\/specialis-red-hat-tanfolyamok\/rh362-red-hat-biztonsag-identity-management-es-autorizacio-red-hat-kornyezetekben\/","title":{"rendered":"RH362 \u2013 Red Hat biztons\u00e1g: Identity management \u00e9s autoriz\u00e1ci\u00f3 Red Hat k\u00f6rnyezetekben"},"content":{"rendered":"","protected":false},"excerpt":{"rendered":"","protected":false},"author":6,"featured_media":2281,"parent":5704,"menu_order":0,"comment_status":"closed","ping_status":"closed","template":"","meta":{"iawp_total_views":0,"footnotes":"","_links_to":"","_links_to_target":""},"class_list":["post-5309","page","type-page","status-publish","has-post-thumbnail","hentry"],"_links":{"self":[{"href":"https:\/\/ulx.hu\/en\/wp-json\/wp\/v2\/pages\/5309"}],"collection":[{"href":"https:\/\/ulx.hu\/en\/wp-json\/wp\/v2\/pages"}],"about":[{"href":"https:\/\/ulx.hu\/en\/wp-json\/wp\/v2\/types\/page"}],"author":[{"embeddable":true,"href":"https:\/\/ulx.hu\/en\/wp-json\/wp\/v2\/users\/6"}],"replies":[{"embeddable":true,"href":"https:\/\/ulx.hu\/en\/wp-json\/wp\/v2\/comments?post=5309"}],"version-history":[{"count":1,"href":"https:\/\/ulx.hu\/en\/wp-json\/wp\/v2\/pages\/5309\/revisions"}],"predecessor-version":[{"id":5310,"href":"https:\/\/ulx.hu\/en\/wp-json\/wp\/v2\/pages\/5309\/revisions\/5310"}],"up":[{"embeddable":true,"href":"https:\/\/ulx.hu\/en\/wp-json\/wp\/v2\/pages\/5704"}],"wp:featuredmedia":[{"embeddable":true,"href":"https:\/\/ulx.hu\/en\/wp-json\/wp\/v2\/media\/2281"}],"wp:attachment":[{"href":"https:\/\/ulx.hu\/en\/wp-json\/wp\/v2\/media?parent=5309"}],"curies":[{"name":"wp","href":"https:\/\/api.w.org\/{rel}","templated":true}]}}