{"id":5415,"date":"2024-11-25T13:14:55","date_gmt":"2024-11-25T13:14:55","guid":{"rendered":"https:\/\/ulx.hu\/?page_id=5415"},"modified":"2026-03-20T13:44:01","modified_gmt":"2026-03-20T13:44:01","slug":"cl260-felho-alapu-storage-red-hat-ceph-hasznalataval","status":"publish","type":"page","link":"https:\/\/ulx.hu\/en\/oktatasok-2\/red-hat-openshift-openstack-es-virtualizacios-tanfolyamok\/cl260-felho-alapu-storage-red-hat-ceph-hasznalataval\/","title":{"rendered":"CL260 &#8211; Felh\u0151 alap\u00fa storage Red Hat Ceph haszn\u00e1lat\u00e1val"},"content":{"rendered":"","protected":false},"excerpt":{"rendered":"","protected":false},"author":6,"featured_media":0,"parent":5702,"menu_order":0,"comment_status":"closed","ping_status":"closed","template":"","meta":{"iawp_total_views":0,"footnotes":"","_links_to":"","_links_to_target":""},"class_list":["post-5415","page","type-page","status-publish","hentry"],"_links":{"self":[{"href":"https:\/\/ulx.hu\/en\/wp-json\/wp\/v2\/pages\/5415"}],"collection":[{"href":"https:\/\/ulx.hu\/en\/wp-json\/wp\/v2\/pages"}],"about":[{"href":"https:\/\/ulx.hu\/en\/wp-json\/wp\/v2\/types\/page"}],"author":[{"embeddable":true,"href":"https:\/\/ulx.hu\/en\/wp-json\/wp\/v2\/users\/6"}],"replies":[{"embeddable":true,"href":"https:\/\/ulx.hu\/en\/wp-json\/wp\/v2\/comments?post=5415"}],"version-history":[{"count":2,"href":"https:\/\/ulx.hu\/en\/wp-json\/wp\/v2\/pages\/5415\/revisions"}],"predecessor-version":[{"id":5417,"href":"https:\/\/ulx.hu\/en\/wp-json\/wp\/v2\/pages\/5415\/revisions\/5417"}],"up":[{"embeddable":true,"href":"https:\/\/ulx.hu\/en\/wp-json\/wp\/v2\/pages\/5702"}],"wp:attachment":[{"href":"https:\/\/ulx.hu\/en\/wp-json\/wp\/v2\/media?parent=5415"}],"curies":[{"name":"wp","href":"https:\/\/api.w.org\/{rel}","templated":true}]}}