{"id":5695,"date":"2026-01-21T12:10:32","date_gmt":"2026-01-21T12:10:32","guid":{"rendered":"https:\/\/ulx.hu\/?page_id=5695"},"modified":"2026-03-19T13:41:53","modified_gmt":"2026-03-19T13:41:53","slug":"au294-red-hat-enterprise-linux-automatizalas-ansible-hasznalataval","status":"publish","type":"page","link":"https:\/\/ulx.hu\/en\/oktatasok-2\/red-hat-oktatasok\/red-hat-enterprise-linux-alap-es-intenziv-tanfolyamok\/au294-red-hat-enterprise-linux-automatizalas-ansible-hasznalataval\/","title":{"rendered":"AU294 &#8211; Red Hat Enterprise Linux automatiz\u00e1l\u00e1s Ansible haszn\u00e1lat\u00e1val"},"content":{"rendered":"","protected":false},"excerpt":{"rendered":"","protected":false},"author":5,"featured_media":0,"parent":5689,"menu_order":0,"comment_status":"closed","ping_status":"closed","template":"","meta":{"iawp_total_views":6,"footnotes":"","_links_to":"","_links_to_target":""},"class_list":["post-5695","page","type-page","status-publish","hentry"],"_links":{"self":[{"href":"https:\/\/ulx.hu\/en\/wp-json\/wp\/v2\/pages\/5695"}],"collection":[{"href":"https:\/\/ulx.hu\/en\/wp-json\/wp\/v2\/pages"}],"about":[{"href":"https:\/\/ulx.hu\/en\/wp-json\/wp\/v2\/types\/page"}],"author":[{"embeddable":true,"href":"https:\/\/ulx.hu\/en\/wp-json\/wp\/v2\/users\/5"}],"replies":[{"embeddable":true,"href":"https:\/\/ulx.hu\/en\/wp-json\/wp\/v2\/comments?post=5695"}],"version-history":[{"count":1,"href":"https:\/\/ulx.hu\/en\/wp-json\/wp\/v2\/pages\/5695\/revisions"}],"predecessor-version":[{"id":5696,"href":"https:\/\/ulx.hu\/en\/wp-json\/wp\/v2\/pages\/5695\/revisions\/5696"}],"up":[{"embeddable":true,"href":"https:\/\/ulx.hu\/en\/wp-json\/wp\/v2\/pages\/5689"}],"wp:attachment":[{"href":"https:\/\/ulx.hu\/en\/wp-json\/wp\/v2\/media?parent=5695"}],"curies":[{"name":"wp","href":"https:\/\/api.w.org\/{rel}","templated":true}]}}