{"id":5940,"date":"2026-03-12T12:08:14","date_gmt":"2026-03-12T12:08:14","guid":{"rendered":"https:\/\/ulx.hu\/?page_id=5940"},"modified":"2026-03-20T14:25:16","modified_gmt":"2026-03-20T14:25:16","slug":"do346","status":"publish","type":"page","link":"https:\/\/ulx.hu\/en\/oktatasok-2\/red-hat-openshift-openstack-es-virtualizacios-tanfolyamok\/do346\/","title":{"rendered":"DO346 &#8211; Virtu\u00e1lis g\u00e9pek migr\u00e1l\u00e1sa Red Hat OpenShift Virtualization k\u00f6rnyezetbe az Ansible Automation Platform haszn\u00e1lat\u00e1val"},"content":{"rendered":"","protected":false},"excerpt":{"rendered":"","protected":false},"author":6,"featured_media":0,"parent":5702,"menu_order":0,"comment_status":"closed","ping_status":"closed","template":"","meta":{"iawp_total_views":0,"footnotes":"","_links_to":"","_links_to_target":""},"class_list":["post-5940","page","type-page","status-publish","hentry"],"_links":{"self":[{"href":"https:\/\/ulx.hu\/en\/wp-json\/wp\/v2\/pages\/5940"}],"collection":[{"href":"https:\/\/ulx.hu\/en\/wp-json\/wp\/v2\/pages"}],"about":[{"href":"https:\/\/ulx.hu\/en\/wp-json\/wp\/v2\/types\/page"}],"author":[{"embeddable":true,"href":"https:\/\/ulx.hu\/en\/wp-json\/wp\/v2\/users\/6"}],"replies":[{"embeddable":true,"href":"https:\/\/ulx.hu\/en\/wp-json\/wp\/v2\/comments?post=5940"}],"version-history":[{"count":2,"href":"https:\/\/ulx.hu\/en\/wp-json\/wp\/v2\/pages\/5940\/revisions"}],"predecessor-version":[{"id":5942,"href":"https:\/\/ulx.hu\/en\/wp-json\/wp\/v2\/pages\/5940\/revisions\/5942"}],"up":[{"embeddable":true,"href":"https:\/\/ulx.hu\/en\/wp-json\/wp\/v2\/pages\/5702"}],"wp:attachment":[{"href":"https:\/\/ulx.hu\/en\/wp-json\/wp\/v2\/media?parent=5940"}],"curies":[{"name":"wp","href":"https:\/\/api.w.org\/{rel}","templated":true}]}}