{"id":613,"date":"2015-09-07T11:24:20","date_gmt":"2015-09-07T11:24:20","guid":{"rendered":"https:\/\/ulx.hu\/?page_id=613"},"modified":"2026-02-12T10:11:47","modified_gmt":"2026-02-12T10:11:47","slug":"jboss-enterprise-alkalmazasfejlesztes-tanfolyam","status":"publish","type":"page","link":"https:\/\/ulx.hu\/en\/oktatasok-2\/fejlesztoi-es-jboss-tanfolyamok\/jboss-enterprise-alkalmazasfejlesztes-tanfolyam\/","title":{"rendered":"AD183 \u2013 RED HAT ALKALMAZ\u00c1S FEJLESZT\u00c9S I: PROGRAMOZ\u00c1S JAVA EE K\u00d6RNYEZETBEN"},"content":{"rendered":"","protected":false},"excerpt":{"rendered":"","protected":false},"author":1,"featured_media":2283,"parent":5706,"menu_order":0,"comment_status":"closed","ping_status":"closed","template":"","meta":{"iawp_total_views":0,"footnotes":"","_links_to":"","_links_to_target":""},"class_list":["post-613","page","type-page","status-publish","has-post-thumbnail","hentry"],"_links":{"self":[{"href":"https:\/\/ulx.hu\/en\/wp-json\/wp\/v2\/pages\/613"}],"collection":[{"href":"https:\/\/ulx.hu\/en\/wp-json\/wp\/v2\/pages"}],"about":[{"href":"https:\/\/ulx.hu\/en\/wp-json\/wp\/v2\/types\/page"}],"author":[{"embeddable":true,"href":"https:\/\/ulx.hu\/en\/wp-json\/wp\/v2\/users\/1"}],"replies":[{"embeddable":true,"href":"https:\/\/ulx.hu\/en\/wp-json\/wp\/v2\/comments?post=613"}],"version-history":[{"count":10,"href":"https:\/\/ulx.hu\/en\/wp-json\/wp\/v2\/pages\/613\/revisions"}],"predecessor-version":[{"id":3760,"href":"https:\/\/ulx.hu\/en\/wp-json\/wp\/v2\/pages\/613\/revisions\/3760"}],"up":[{"embeddable":true,"href":"https:\/\/ulx.hu\/en\/wp-json\/wp\/v2\/pages\/5706"}],"wp:featuredmedia":[{"embeddable":true,"href":"https:\/\/ulx.hu\/en\/wp-json\/wp\/v2\/media\/2283"}],"wp:attachment":[{"href":"https:\/\/ulx.hu\/en\/wp-json\/wp\/v2\/media?parent=613"}],"curies":[{"name":"wp","href":"https:\/\/api.w.org\/{rel}","templated":true}]}}