{"id":65,"date":"2015-08-31T10:25:48","date_gmt":"2015-08-31T10:25:48","guid":{"rendered":"https:\/\/ulx.hu\/?page_id=65"},"modified":"2026-03-10T14:52:24","modified_gmt":"2026-03-10T14:52:24","slug":"koltsegelemzes","status":"publish","type":"page","link":"https:\/\/ulx.hu\/en\/koltsegelemzes\/","title":{"rendered":"K\u00f6lts\u00e9gelemz\u00e9s"},"content":{"rendered":"","protected":false},"excerpt":{"rendered":"","protected":false},"author":1,"featured_media":0,"parent":0,"menu_order":0,"comment_status":"closed","ping_status":"closed","template":"","meta":{"iawp_total_views":0,"footnotes":"","_links_to":"","_links_to_target":""},"class_list":["post-65","page","type-page","status-publish","hentry"],"_links":{"self":[{"href":"https:\/\/ulx.hu\/en\/wp-json\/wp\/v2\/pages\/65"}],"collection":[{"href":"https:\/\/ulx.hu\/en\/wp-json\/wp\/v2\/pages"}],"about":[{"href":"https:\/\/ulx.hu\/en\/wp-json\/wp\/v2\/types\/page"}],"author":[{"embeddable":true,"href":"https:\/\/ulx.hu\/en\/wp-json\/wp\/v2\/users\/1"}],"replies":[{"embeddable":true,"href":"https:\/\/ulx.hu\/en\/wp-json\/wp\/v2\/comments?post=65"}],"version-history":[{"count":3,"href":"https:\/\/ulx.hu\/en\/wp-json\/wp\/v2\/pages\/65\/revisions"}],"predecessor-version":[{"id":3839,"href":"https:\/\/ulx.hu\/en\/wp-json\/wp\/v2\/pages\/65\/revisions\/3839"}],"wp:attachment":[{"href":"https:\/\/ulx.hu\/en\/wp-json\/wp\/v2\/media?parent=65"}],"curies":[{"name":"wp","href":"https:\/\/api.w.org\/{rel}","templated":true}]}}